{"id":1536,"date":"2021-12-04T19:45:38","date_gmt":"2021-12-04T19:45:38","guid":{"rendered":"https:\/\/pravoslavie-stade.de\/?page_id=1536"},"modified":"2026-03-03T20:41:57","modified_gmt":"2026-03-03T20:41:57","slug":"%d1%82%d0%b0%d0%b8%d0%bd%d1%81%d1%82%d0%b2%d0%b0","status":"publish","type":"page","link":"https:\/\/pravoslavie-stade.de\/de\/%d1%82%d0%b0%d0%b8%d0%bd%d1%81%d1%82%d0%b2%d0%b0\/","title":{"rendered":"Sakramente"},"content":{"rendered":"<div class=\"vc_row wpb_row vc_row-fluid\"><div class=\"wpb_column vc_column_container vc_col-sm-12\"><div class=\"vc_column-inner vc_custom_1639040464112\"><div class=\"wpb_wrapper\">\n\t<div class=\"wpb_text_column wpb_content_element\" >\n\t\t<div class=\"wpb_wrapper\">\n\t\t\t<h3 style=\"text-align: center;\"><span style=\"color: #800000;\"><strong>Die erste Beichte und Kommunion<\/strong><\/span><\/h3>\n\n\t\t<\/div>\n\t<\/div>\n\n\t<div  class=\"wpb_single_image wpb_content_element vc_align_center\">\n\t\t\n\t\t<figure class=\"wpb_wrapper vc_figure\">\n\t\t\t<div class=\"vc_single_image-wrapper   vc_box_border_grey\"><img width=\"602\" height=\"535\" src=\"https:\/\/pravoslavie-stade.de\/wp-content\/uploads\/2021\/12\/Image-from-Broschuere-Beichte-und-Kommunion-Print-END-RU-page-2.png\" class=\"vc_single_image-img attachment-large\" alt=\"\" decoding=\"async\" loading=\"lazy\" title=\"Image from Brosch\u00fcre Beichte und Kommunion Print END RU, page 2\" srcset=\"https:\/\/pravoslavie-stade.de\/wp-content\/uploads\/2021\/12\/Image-from-Broschuere-Beichte-und-Kommunion-Print-END-RU-page-2.png 602w, https:\/\/pravoslavie-stade.de\/wp-content\/uploads\/2021\/12\/Image-from-Broschuere-Beichte-und-Kommunion-Print-END-RU-page-2-300x267.png 300w\" sizes=\"(max-width: 602px) 100vw, 602px\"  data-dt-location=\"https:\/\/pravoslavie-stade.de\/de\/%d1%82%d0%b0%d0%b8%d0%bd%d1%81%d1%82%d0%b2%d0%b0\/image-from-broschuere-beichte-und-kommunion-print-end-ru-page-2\/\" \/><\/div>\n\t\t<\/figure>\n\t<\/div>\n\n\t<div class=\"wpb_text_column wpb_content_element\" >\n\t\t<div class=\"wpb_wrapper\">\n\t\t\t<p style=\"text-align: center;\"><span style=\"color: #993366;\">Sie betreten eine Kirche. Das ist ein besonderer Ort, eine andere Welt. Eine Welt, die Gott gewidmet ist, der Wahrheit und dem ewigen Leben. Hier kann man das Schiff der Errettung besteigen, hier beginnt der Weg zu Gott. Der Beginn des Weges ist ungew\u00f6hnlich, er liegt in unserer Seele, in unserem Gewissen. Doch muss man sich selbst zuerst eingestehen, dass man sich von Gott abgewandt hat und dass man vor Ihm schuldig geworden ist.<\/span><\/p>\n\n\t\t<\/div>\n\t<\/div>\n\n\t<div class=\"wpb_text_column wpb_content_element\" >\n\t\t<div class=\"wpb_wrapper\">\n\t\t\t<h3 style=\"text-align: center;\"><span style=\"color: #993366;\">Die Taufe und die Ehe<\/span><\/h3>\n\n\t\t<\/div>\n\t<\/div>\n\n\t<div  class=\"wpb_single_image wpb_content_element vc_align_center\">\n\t\t\n\t\t<figure class=\"wpb_wrapper vc_figure\">\n\t\t\t<div class=\"vc_single_image-wrapper   vc_box_border_grey\"><img width=\"644\" height=\"449\" src=\"https:\/\/pravoslavie-stade.de\/wp-content\/uploads\/2021\/12\/Image-from-Broschuere-Taufe-und-Kroenung-Print-END-RU-page-1.png\" class=\"vc_single_image-img attachment-large\" alt=\"\" decoding=\"async\" loading=\"lazy\" title=\"Image from Brosch\u00fcre Taufe und Kr\u00f6nung Print END RU, page 1\" srcset=\"https:\/\/pravoslavie-stade.de\/wp-content\/uploads\/2021\/12\/Image-from-Broschuere-Taufe-und-Kroenung-Print-END-RU-page-1.png 644w, https:\/\/pravoslavie-stade.de\/wp-content\/uploads\/2021\/12\/Image-from-Broschuere-Taufe-und-Kroenung-Print-END-RU-page-1-300x209.png 300w\" sizes=\"(max-width: 644px) 100vw, 644px\"  data-dt-location=\"https:\/\/pravoslavie-stade.de\/de\/%d1%82%d0%b0%d0%b8%d0%bd%d1%81%d1%82%d0%b2%d0%b0\/image-from-broschuere-taufe-und-kroenung-print-end-ru-page-1\/\" \/><\/div>\n\t\t<\/figure>\n\t<\/div>\n\n\t<div class=\"wpb_text_column wpb_content_element\" >\n\t\t<div class=\"wpb_wrapper\">\n\t\t\t<p style=\"text-align: center;\"><span style=\"color: #993366;\">Die Taufe ist das Mysterium, bei dem der Gl\u00e4ubige durch dreimaliges Eintauchen des K\u00f6rpers ins Wasser und durch Anrufung des Namens der Allheiligen Dreiheit - des Vaters, des Sohnes und des Heiligen Geistes - dem Leben des Fleisches und der S\u00fcnde abstirbt und durch den Heiligen Geist in einem geistigen und heiligen Leben erneuert wird. Dadurch wird der Getaufte in die Kirche eingef\u00fchrt und wird zu ihrem Mitglied.<\/span><\/p>\n\n\t\t<\/div>\n\t<\/div>\n\n\t<div  class=\"wpb_single_image wpb_content_element vc_align_center\">\n\t\t\n\t\t<figure class=\"wpb_wrapper vc_figure\">\n\t\t\t<div class=\"vc_single_image-wrapper   vc_box_border_grey\"><img width=\"1024\" height=\"683\" src=\"https:\/\/pravoslavie-stade.de\/wp-content\/uploads\/2021\/12\/IMG_3718-1024x683.jpg\" class=\"vc_single_image-img attachment-large\" alt=\"\" decoding=\"async\" loading=\"lazy\" title=\"\" srcset=\"https:\/\/pravoslavie-stade.de\/wp-content\/uploads\/2021\/12\/IMG_3718-1024x683.jpg 1024w, https:\/\/pravoslavie-stade.de\/wp-content\/uploads\/2021\/12\/IMG_3718-300x200.jpg 300w, https:\/\/pravoslavie-stade.de\/wp-content\/uploads\/2021\/12\/IMG_3718-768x512.jpg 768w, https:\/\/pravoslavie-stade.de\/wp-content\/uploads\/2021\/12\/IMG_3718-18x12.jpg 18w, https:\/\/pravoslavie-stade.de\/wp-content\/uploads\/2021\/12\/IMG_3718.jpg 1125w\" sizes=\"(max-width: 1024px) 100vw, 1024px\"  data-dt-location=\"https:\/\/pravoslavie-stade.de\/de\/%d1%82%d0%b0%d0%b8%d0%bd%d1%81%d1%82%d0%b2%d0%b0\/img_3718\/\" \/><\/div>\n\t\t<\/figure>\n\t<\/div>\n\n\t<div class=\"wpb_text_column wpb_content_element\" >\n\t\t<div class=\"wpb_wrapper\">\n\t\t\t<p style=\"text-align: center;\"><span style=\"color: #993366;\">Gott ist die wesenseine und unteilbare Dreiheit: der Vater, der Sohn und der Heilige Geist, vereinigt durch den Bund der g\u00f6ttlichen Liebe. <i>\u201eGott<\/i> <i>ist<\/i> <i>Liebe\u201c<\/i>\u2013 so sagt die Heilige Schrift (1. Johannesbrief 4, 8). Deshalb ist auch f\u00fcr den Menschen die Liebe, da sie die Bekundung des Bildes Gottes in ihm ist, die h\u00f6chste Tugend und die Hauptbedingung f\u00fcr Freude und Gl\u00fcck. Der Mensch als geistiges Wesen hat das Verlangen zu lieben und geliebt zu werden. Die nat\u00fcrliche \u00c4u\u00dferung der Liebe besteht in dem Wunsch des Liebenden sich mit der geliebten Person zu vereinigen. Deshalb streben die Menschen in einer auf Gegenseitigkeit beruhenden Liebe zu einander und finden in einer gesetzlichen Einheit ihr Gl\u00fcck. Bereits in den ersten Anf\u00e4ngen der Geschichte der Menschheit schuf Gott <b>die Ehe<\/b> <b>als<\/b> <b>Bund<\/b> <b>freier<\/b> <b>vernunftbegabter<\/b> <b>Wesen<\/b> , eines Mannes und einer Frau <i>\u201eEs<\/i> <i>ist nicht gut,<\/i> <i>f\u00fcr<\/i> <i>den Menschen<\/i> <i>, allein zu sein\u201c (Gen 2, 18),<\/i>sprach Gott zu Adam und gab ihm Eva zur Frau (Genesis 2, 21-25). So entstand das erste Ehepaar, die erste Familie: \u201eSeid fruchtbar und mehret euch und f\u00fcllet die Erde und machet sie euch untertan\u201c (Gen 1, 28).<\/span><\/p>\n\n\t\t<\/div>\n\t<\/div>\n\n\t<div class=\"wpb_text_column wpb_content_element\" >\n\t\t<div class=\"wpb_wrapper\">\n\t\t\t<p style=\"text-align: center;\"><strong>Laden Sie hier die komplette Brosch\u00fcre herunter:<\/strong><\/p>\n<p style=\"text-align: center;\"><a href=\"https:\/\/pravoslavie-stade.de\/wp-content\/uploads\/2021\/12\/Broschuere-Taufe-und-Kroenung-Print-END-DE.pdf\">Brosch\u00fcre Taufe und Kr\u00f6nung Print END DE<\/a><\/p>\n<p style=\"text-align: center;\"><a href=\"https:\/\/pravoslavie-stade.de\/wp-content\/uploads\/2021\/12\/Broschuere-Taufe-und-Kroenung-Print-END-RU.pdf\">Brosch\u00fcre Taufe und Kr\u00f6nung Print END RU<\/a><\/p>\n\n\t\t<\/div>\n\t<\/div>\n<\/div><\/div><\/div><\/div><div class=\"vc_row wpb_row vc_row-fluid\"><div class=\"wpb_column vc_column_container vc_col-sm-12\"><div class=\"vc_column-inner\"><div class=\"wpb_wrapper\">\n\t<div class=\"wpb_text_column wpb_content_element\" >\n\t\t<div class=\"wpb_wrapper\">\n\t\t\t<p style=\"text-align: center;\"><span style=\"color: #993366; font-size: 18pt;\"><a style=\"color: #993366;\" href=\"https:\/\/www.pravmir.ru\/soborovanie-kak-gde-kogda-i-dlya-chego\/\"><strong>\u0421\u043e\u0431\u043e\u0440\u043e\u0432\u0430\u043d\u0438\u0435<\/strong><\/a><\/span><\/p>\n\n\t\t<\/div>\n\t<\/div>\n\n\t<div  class=\"wpb_single_image wpb_content_element vc_align_center  vc_custom_1648669586904\">\n\t\t\n\t\t<figure class=\"wpb_wrapper vc_figure\">\n\t\t\t<div class=\"vc_single_image-wrapper   vc_box_border_grey\"><img width=\"900\" height=\"600\" src=\"https:\/\/pravoslavie-stade.de\/wp-content\/uploads\/2022\/03\/IMG_5291.jpg\" class=\"vc_single_image-img attachment-full\" alt=\"\" decoding=\"async\" loading=\"lazy\" title=\"IMG_5291\" srcset=\"https:\/\/pravoslavie-stade.de\/wp-content\/uploads\/2022\/03\/IMG_5291.jpg 900w, https:\/\/pravoslavie-stade.de\/wp-content\/uploads\/2022\/03\/IMG_5291-300x200.jpg 300w, https:\/\/pravoslavie-stade.de\/wp-content\/uploads\/2022\/03\/IMG_5291-768x512.jpg 768w, https:\/\/pravoslavie-stade.de\/wp-content\/uploads\/2022\/03\/IMG_5291-18x12.jpg 18w\" sizes=\"(max-width: 900px) 100vw, 900px\"  data-dt-location=\"https:\/\/pravoslavie-stade.de\/de\/home\/img_5291\/\" \/><\/div>\n\t\t<\/figure>\n\t<\/div>\n\n<div class=\"vc_grid-container-wrapper vc_clearfix vc_grid-animation-zoomIn\">\n\t<div class=\"vc_grid-container vc_clearfix wpb_content_element vc_masonry_grid\" data-initial-loading-animation=\"zoomIn\" data-vc-grid-settings=\"{&quot;page_id&quot;:1536,&quot;style&quot;:&quot;all-masonry&quot;,&quot;action&quot;:&quot;vc_get_vc_grid_data&quot;,&quot;shortcode_id&quot;:&quot;1772570490139-1322bcd0-aeb3-4&quot;,&quot;tag&quot;:&quot;vc_masonry_grid&quot;}\" data-vc-request=\"https:\/\/pravoslavie-stade.de\/wp-admin\/admin-ajax.php\" data-vc-post-id=\"1536\" data-vc-public-nonce=\"dab0e5436b\">\n\t\t\n\t<\/div>\n<\/div><\/div><\/div><\/div><\/div>\n<div class='epvc-post-count'><span class='epvc-eye'><\/span>  <span class=\"epvc-count\"> 3.211<\/span><span class='epvc-label'> \u041f\u0440\u043e\u0441\u043c\u043e\u0442\u0440\u0430<\/span><\/div>","protected":false},"excerpt":{"rendered":"<p>3.211 \u041f\u0440\u043e\u0441\u043c\u043e\u0442\u0440\u0430<\/p>","protected":false},"author":1,"featured_media":0,"parent":0,"menu_order":0,"comment_status":"closed","ping_status":"closed","template":"","meta":[],"yoast_head":"<!-- This site is optimized with the Yoast SEO plugin v17.8 - https:\/\/yoast.com\/wordpress\/plugins\/seo\/ -->\n<title>\u0422\u0430\u0438\u043d\u0441\u0442\u0432\u0430 - \u041f\u0440\u0430\u0432\u043e\u0441\u043b\u0430\u0432\u043d\u0430\u044f o\u0431\u0449\u0438\u043d\u0430 \u0432 \u0428\u0442\u0430\u0434\u0435<\/title>\n<meta name=\"robots\" content=\"index, follow, max-snippet:-1, max-image-preview:large, max-video-preview:-1\" \/>\n<link rel=\"canonical\" href=\"https:\/\/pravoslavie-stade.de\/de\/\u0442\u0430\u0438\u043d\u0441\u0442\u0432\u0430\/\" \/>\n<meta property=\"og:locale\" content=\"de_DE\" \/>\n<meta property=\"og:type\" content=\"article\" \/>\n<meta property=\"og:title\" content=\"\u0422\u0430\u0438\u043d\u0441\u0442\u0432\u0430 - \u041f\u0440\u0430\u0432\u043e\u0441\u043b\u0430\u0432\u043d\u0430\u044f o\u0431\u0449\u0438\u043d\u0430 \u0432 \u0428\u0442\u0430\u0434\u0435\" \/>\n<meta property=\"og:description\" content=\"3.211 \u041f\u0440\u043e\u0441\u043c\u043e\u0442\u0440\u0430\" \/>\n<meta property=\"og:url\" content=\"https:\/\/pravoslavie-stade.de\/de\/\u0442\u0430\u0438\u043d\u0441\u0442\u0432\u0430\/\" \/>\n<meta property=\"og:site_name\" content=\"\u041f\u0440\u0430\u0432\u043e\u0441\u043b\u0430\u0432\u043d\u0430\u044f o\u0431\u0449\u0438\u043d\u0430 \u0432 \u0428\u0442\u0430\u0434\u0435\" \/>\n<meta property=\"article:modified_time\" content=\"2026-03-03T20:41:57+00:00\" \/>\n<meta property=\"og:image\" content=\"https:\/\/pravoslavie-stade.de\/wp-content\/uploads\/2021\/11\/0072-1-scaled.jpg\" \/>\n\t<meta property=\"og:image:width\" content=\"2560\" \/>\n\t<meta property=\"og:image:height\" content=\"1900\" \/>\n<meta name=\"twitter:card\" content=\"summary_large_image\" \/>\n<meta name=\"twitter:label1\" content=\"Gesch\u00e4tzte Lesezeit\" \/>\n\t<meta name=\"twitter:data1\" content=\"2\u00a0Minuten\" \/>\n<script type=\"application\/ld+json\" class=\"yoast-schema-graph\">{\"@context\":\"https:\/\/schema.org\",\"@graph\":[{\"@type\":\"WebSite\",\"@id\":\"https:\/\/pravoslavie-stade.de\/de\/#website\",\"url\":\"https:\/\/pravoslavie-stade.de\/de\/\",\"name\":\"\\u041f\\u0440\\u0430\\u0432\\u043e\\u0441\\u043b\\u0430\\u0432\\u043d\\u0430\\u044f o\\u0431\\u0449\\u0438\\u043d\\u0430 \\u0432 \\u0428\\u0442\\u0430\\u0434\\u0435\",\"description\":\"\\u041f\\u0440\\u0430\\u0432\\u043e\\u0441\\u043b\\u0430\\u0432\\u043d\\u0430\\u044f  o\\u0431\\u0449\\u0438\\u043d\\u0430 \\u0432 \\u0428\\u0442\\u0430\\u0434\\u0435 \\u0432 \\u0447\\u0435\\u0441\\u0442\\u044c \\u0441\\u0432\\u044f\\u0442\\u044b\\u0445 \\u043c\\u0443\\u0447\\u0435\\u043d\\u0438\\u043a\\u043e\\u0432  \\u0410\\u0434\\u0440\\u0438\\u0430\\u043d\\u0430 \\u0438 \\u041d\\u0430\\u0442\\u0430\\u043b\\u0438\\u0438\",\"potentialAction\":[{\"@type\":\"SearchAction\",\"target\":{\"@type\":\"EntryPoint\",\"urlTemplate\":\"https:\/\/pravoslavie-stade.de\/de\/?s={search_term_string}\"},\"query-input\":\"required name=search_term_string\"}],\"inLanguage\":\"de\"},{\"@type\":\"WebPage\",\"@id\":\"https:\/\/pravoslavie-stade.de\/de\/%d1%82%d0%b0%d0%b8%d0%bd%d1%81%d1%82%d0%b2%d0%b0\/#webpage\",\"url\":\"https:\/\/pravoslavie-stade.de\/de\/%d1%82%d0%b0%d0%b8%d0%bd%d1%81%d1%82%d0%b2%d0%b0\/\",\"name\":\"\\u0422\\u0430\\u0438\\u043d\\u0441\\u0442\\u0432\\u0430 - \\u041f\\u0440\\u0430\\u0432\\u043e\\u0441\\u043b\\u0430\\u0432\\u043d\\u0430\\u044f o\\u0431\\u0449\\u0438\\u043d\\u0430 \\u0432 \\u0428\\u0442\\u0430\\u0434\\u0435\",\"isPartOf\":{\"@id\":\"https:\/\/pravoslavie-stade.de\/de\/#website\"},\"datePublished\":\"2021-12-04T19:45:38+00:00\",\"dateModified\":\"2026-03-03T20:41:57+00:00\",\"breadcrumb\":{\"@id\":\"https:\/\/pravoslavie-stade.de\/de\/%d1%82%d0%b0%d0%b8%d0%bd%d1%81%d1%82%d0%b2%d0%b0\/#breadcrumb\"},\"inLanguage\":\"de\",\"potentialAction\":[{\"@type\":\"ReadAction\",\"target\":[\"https:\/\/pravoslavie-stade.de\/de\/%d1%82%d0%b0%d0%b8%d0%bd%d1%81%d1%82%d0%b2%d0%b0\/\"]}]},{\"@type\":\"BreadcrumbList\",\"@id\":\"https:\/\/pravoslavie-stade.de\/de\/%d1%82%d0%b0%d0%b8%d0%bd%d1%81%d1%82%d0%b2%d0%b0\/#breadcrumb\",\"itemListElement\":[{\"@type\":\"ListItem\",\"position\":1,\"name\":\"Startseite\",\"item\":\"https:\/\/pravoslavie-stade.de\/de\/\"},{\"@type\":\"ListItem\",\"position\":2,\"name\":\"\\u0422\\u0430\\u0438\\u043d\\u0441\\u0442\\u0432\\u0430\"}]}]}<\/script>\n<!-- \/ Yoast SEO plugin. -->","yoast_head_json":{"title":"\u0422\u0430\u0438\u043d\u0441\u0442\u0432\u0430 - \u041f\u0440\u0430\u0432\u043e\u0441\u043b\u0430\u0432\u043d\u0430\u044f o\u0431\u0449\u0438\u043d\u0430 \u0432 \u0428\u0442\u0430\u0434\u0435","robots":{"index":"index","follow":"follow","max-snippet":"max-snippet:-1","max-image-preview":"max-image-preview:large","max-video-preview":"max-video-preview:-1"},"canonical":"https:\/\/pravoslavie-stade.de\/de\/\u0442\u0430\u0438\u043d\u0441\u0442\u0432\u0430\/","og_locale":"de_DE","og_type":"article","og_title":"\u0422\u0430\u0438\u043d\u0441\u0442\u0432\u0430 - \u041f\u0440\u0430\u0432\u043e\u0441\u043b\u0430\u0432\u043d\u0430\u044f o\u0431\u0449\u0438\u043d\u0430 \u0432 \u0428\u0442\u0430\u0434\u0435","og_description":"3.211 \u041f\u0440\u043e\u0441\u043c\u043e\u0442\u0440\u0430","og_url":"https:\/\/pravoslavie-stade.de\/de\/\u0442\u0430\u0438\u043d\u0441\u0442\u0432\u0430\/","og_site_name":"\u041f\u0440\u0430\u0432\u043e\u0441\u043b\u0430\u0432\u043d\u0430\u044f o\u0431\u0449\u0438\u043d\u0430 \u0432 \u0428\u0442\u0430\u0434\u0435","article_modified_time":"2026-03-03T20:41:57+00:00","og_image":[{"width":2560,"height":1900,"url":"https:\/\/pravoslavie-stade.de\/wp-content\/uploads\/2021\/11\/0072-1-scaled.jpg","type":"image\/jpeg"}],"twitter_card":"summary_large_image","twitter_misc":{"Gesch\u00e4tzte Lesezeit":"2\u00a0Minuten"},"schema":{"@context":"https:\/\/schema.org","@graph":[{"@type":"WebSite","@id":"https:\/\/pravoslavie-stade.de\/de\/#website","url":"https:\/\/pravoslavie-stade.de\/de\/","name":"\u041f\u0440\u0430\u0432\u043e\u0441\u043b\u0430\u0432\u043d\u0430\u044f o\u0431\u0449\u0438\u043d\u0430 \u0432 \u0428\u0442\u0430\u0434\u0435","description":"\u041f\u0440\u0430\u0432\u043e\u0441\u043b\u0430\u0432\u043d\u0430\u044f  o\u0431\u0449\u0438\u043d\u0430 \u0432 \u0428\u0442\u0430\u0434\u0435 \u0432 \u0447\u0435\u0441\u0442\u044c \u0441\u0432\u044f\u0442\u044b\u0445 \u043c\u0443\u0447\u0435\u043d\u0438\u043a\u043e\u0432  \u0410\u0434\u0440\u0438\u0430\u043d\u0430 \u0438 \u041d\u0430\u0442\u0430\u043b\u0438\u0438","potentialAction":[{"@type":"SearchAction","target":{"@type":"EntryPoint","urlTemplate":"https:\/\/pravoslavie-stade.de\/de\/?s={search_term_string}"},"query-input":"required name=search_term_string"}],"inLanguage":"de"},{"@type":"WebPage","@id":"https:\/\/pravoslavie-stade.de\/de\/%d1%82%d0%b0%d0%b8%d0%bd%d1%81%d1%82%d0%b2%d0%b0\/#webpage","url":"https:\/\/pravoslavie-stade.de\/de\/%d1%82%d0%b0%d0%b8%d0%bd%d1%81%d1%82%d0%b2%d0%b0\/","name":"\u0422\u0430\u0438\u043d\u0441\u0442\u0432\u0430 - \u041f\u0440\u0430\u0432\u043e\u0441\u043b\u0430\u0432\u043d\u0430\u044f o\u0431\u0449\u0438\u043d\u0430 \u0432 \u0428\u0442\u0430\u0434\u0435","isPartOf":{"@id":"https:\/\/pravoslavie-stade.de\/de\/#website"},"datePublished":"2021-12-04T19:45:38+00:00","dateModified":"2026-03-03T20:41:57+00:00","breadcrumb":{"@id":"https:\/\/pravoslavie-stade.de\/de\/%d1%82%d0%b0%d0%b8%d0%bd%d1%81%d1%82%d0%b2%d0%b0\/#breadcrumb"},"inLanguage":"de","potentialAction":[{"@type":"ReadAction","target":["https:\/\/pravoslavie-stade.de\/de\/%d1%82%d0%b0%d0%b8%d0%bd%d1%81%d1%82%d0%b2%d0%b0\/"]}]},{"@type":"BreadcrumbList","@id":"https:\/\/pravoslavie-stade.de\/de\/%d1%82%d0%b0%d0%b8%d0%bd%d1%81%d1%82%d0%b2%d0%b0\/#breadcrumb","itemListElement":[{"@type":"ListItem","position":1,"name":"Startseite","item":"https:\/\/pravoslavie-stade.de\/de\/"},{"@type":"ListItem","position":2,"name":"\u0422\u0430\u0438\u043d\u0441\u0442\u0432\u0430"}]}]}},"_links":{"self":[{"href":"https:\/\/pravoslavie-stade.de\/de\/wp-json\/wp\/v2\/pages\/1536"}],"collection":[{"href":"https:\/\/pravoslavie-stade.de\/de\/wp-json\/wp\/v2\/pages"}],"about":[{"href":"https:\/\/pravoslavie-stade.de\/de\/wp-json\/wp\/v2\/types\/page"}],"author":[{"embeddable":true,"href":"https:\/\/pravoslavie-stade.de\/de\/wp-json\/wp\/v2\/users\/1"}],"replies":[{"embeddable":true,"href":"https:\/\/pravoslavie-stade.de\/de\/wp-json\/wp\/v2\/comments?post=1536"}],"version-history":[{"count":24,"href":"https:\/\/pravoslavie-stade.de\/de\/wp-json\/wp\/v2\/pages\/1536\/revisions"}],"predecessor-version":[{"id":3587,"href":"https:\/\/pravoslavie-stade.de\/de\/wp-json\/wp\/v2\/pages\/1536\/revisions\/3587"}],"wp:attachment":[{"href":"https:\/\/pravoslavie-stade.de\/de\/wp-json\/wp\/v2\/media?parent=1536"}],"curies":[{"name":"wp","href":"https:\/\/api.w.org\/{rel}","templated":true}]}}